{"id":11,"date":"2013-08-10T23:46:00","date_gmt":"2013-08-11T02:46:00","guid":{"rendered":"http:\/\/bioralodontologia.com.br\/home\/?page_id=11"},"modified":"2024-03-21T23:22:21","modified_gmt":"2024-03-22T02:22:21","slug":"blog","status":"publish","type":"page","link":"http:\/\/bioralodontologia.com.br\/home\/blog\/","title":{"rendered":"Blog"},"content":{"rendered":"\t\t<div data-elementor-type=\"wp-page\" data-elementor-id=\"11\" class=\"elementor elementor-11\">\n\t\t\t\t\t\t<section class=\"elementor-section elementor-top-section elementor-element elementor-element-30df2083 elementor-section-height-min-height elementor-section-boxed elementor-section-height-default elementor-section-items-middle\" data-id=\"30df2083\" data-element_type=\"section\" data-settings=\"{&quot;background_background&quot;:&quot;gradient&quot;}\">\n\t\t\t\t\t\t\t<div class=\"elementor-background-overlay\"><\/div>\n\t\t\t\t\t\t\t<div class=\"elementor-container elementor-column-gap-default\">\n\t\t\t\t\t<div class=\"elementor-column elementor-col-100 elementor-top-column elementor-element elementor-element-6f04c1d0\" data-id=\"6f04c1d0\" data-element_type=\"column\">\n\t\t\t<div class=\"elementor-widget-wrap elementor-element-populated\">\n\t\t\t\t\t\t<div class=\"elementor-element elementor-element-5db85c0c elementor-vertical-align-top elementor-widget elementor-widget-image-box\" data-id=\"5db85c0c\" data-element_type=\"widget\" data-widget_type=\"image-box.default\">\n\t\t\t\t<div class=\"elementor-widget-container\">\n\t\t\t<style>\/*! elementor - v3.20.0 - 13-03-2024 *\/\n.elementor-widget-image-box .elementor-image-box-content{width:100%}@media (min-width:768px){.elementor-widget-image-box.elementor-position-left .elementor-image-box-wrapper,.elementor-widget-image-box.elementor-position-right .elementor-image-box-wrapper{display:flex}.elementor-widget-image-box.elementor-position-right .elementor-image-box-wrapper{text-align:right;flex-direction:row-reverse}.elementor-widget-image-box.elementor-position-left .elementor-image-box-wrapper{text-align:left;flex-direction:row}.elementor-widget-image-box.elementor-position-top .elementor-image-box-img{margin:auto}.elementor-widget-image-box.elementor-vertical-align-top .elementor-image-box-wrapper{align-items:flex-start}.elementor-widget-image-box.elementor-vertical-align-middle .elementor-image-box-wrapper{align-items:center}.elementor-widget-image-box.elementor-vertical-align-bottom .elementor-image-box-wrapper{align-items:flex-end}}@media (max-width:767px){.elementor-widget-image-box .elementor-image-box-img{margin-left:auto!important;margin-right:auto!important;margin-bottom:15px}}.elementor-widget-image-box .elementor-image-box-img{display:inline-block}.elementor-widget-image-box .elementor-image-box-title a{color:inherit}.elementor-widget-image-box .elementor-image-box-wrapper{text-align:center}.elementor-widget-image-box .elementor-image-box-description{margin:0}<\/style><div class=\"elementor-image-box-wrapper\"><div class=\"elementor-image-box-content\"><h3 class=\"elementor-image-box-title\">Home - Blog<\/h3><p class=\"elementor-image-box-description\">Dicas & Novidades<\/p><\/div><\/div>\t\t<\/div>\n\t\t\t\t<\/div>\n\t\t\t\t<div class=\"elementor-element elementor-element-d211d6d elementor-widget elementor-widget-elementskit-heading\" data-id=\"d211d6d\" data-element_type=\"widget\" data-widget_type=\"elementskit-heading.default\">\n\t\t\t\t<div class=\"elementor-widget-container\">\n\t\t\t<div class=\"ekit-wid-con\" ><div class=\"ekit-heading elementskit-section-title-wraper text_left   ekit_heading_tablet-   ekit_heading_mobile-text_center\"><div class=\"ekit_heading_separetor_wraper ekit_heading_elementskit-border-divider elementskit-style-long\"><div class=\"elementskit-border-divider elementskit-style-long\"><\/div><\/div><\/div><\/div>\t\t<\/div>\n\t\t\t\t<\/div>\n\t\t\t\t\t<\/div>\n\t\t<\/div>\n\t\t\t\t\t<\/div>\n\t\t<\/section>\n\t\t\t\t<section class=\"elementor-section elementor-top-section elementor-element elementor-element-52b50e0b elementor-section-boxed elementor-section-height-default elementor-section-height-default\" data-id=\"52b50e0b\" data-element_type=\"section\">\n\t\t\t\t\t\t<div class=\"elementor-container elementor-column-gap-default\">\n\t\t\t\t\t<div class=\"elementor-column elementor-col-50 elementor-top-column elementor-element elementor-element-3d58af60\" data-id=\"3d58af60\" data-element_type=\"column\">\n\t\t\t<div class=\"elementor-widget-wrap elementor-element-populated\">\n\t\t\t\t\t\t<div class=\"elementor-element elementor-element-35fceede elementor-widget elementor-widget-elementskit-blog-posts\" data-id=\"35fceede\" data-element_type=\"widget\" data-widget_type=\"elementskit-blog-posts.default\">\n\t\t\t\t<div class=\"elementor-widget-container\">\n\t\t\t<div class=\"ekit-wid-con\" >        <div id=\"post-items--35fceede\" class=\"row post-items\">\n                    <div class=\"col-md-12\">\n\n                                    <div class=\"elementskit-blog-block-post\">\n                        <div class=\"row no-gutters\">\n                                                            <div class=\"col-md-6 order-1\">\n                                    <a href=\"http:\/\/bioralodontologia.com.br\/home\/doencas-da-gengiva-veja-o-que-sao-e-como-tratar\/\" class=\"elementskit-entry-thumb\">\n                                        <img decoding=\"async\" src=\"http:\/\/bioralodontologia.com.br\/home\/wp-content\/uploads\/2014\/05\/Sorriso1.jpg\" alt=\"Doen\u00e7as da gengiva\">\n                                    <\/a><!-- .elementskit-entry-thumb END -->\n                                <\/div>\n                            \n                            <div class=\"col-md-6 order-2\">\n                                <div class=\"elementskit-post-body \">\n                                    <div class=\"elementskit-entry-header\">\n                                        \n                                                                                            \t\t\t\t\t\t\t\t\t\t\t<div class=\"post-meta-list\">\n\t\t\t\t\t\t\t\t\t\t\t\t\t<\/div>\n\t\t\t\t\t                                            \n                                            \n                                                                                            \t\t\t\t<h2 class=\"entry-title\">\n\t\t\t\t\t<a href=\"http:\/\/bioralodontologia.com.br\/home\/doencas-da-gengiva-veja-o-que-sao-e-como-tratar\/\">\n\t\t\t\t\t\tDoen\u00e7as da gengiva\t\t\t\t\t<\/a>\n\t\t\t\t<\/h2>\n\t\t\t                                                                                <\/div><!-- .elementskit-entry-header END -->\n\n                                                                            <div class=\"elementskit-post-footer\">\n                                                                                            <p>Blog Bioral Dicas &#038; Novidades Doen\u00e7a da Gengiva O tratamento de gengiva \u00e9 o ramo da odontologia que promove a sa\u00fade periodontal, ou seja, os tecidos que\u00a0envolvem e protegem os dentes o especialista \u00e9 denominado periodontista. O que s\u00e3o as doen\u00e7as da gengiva? As doen\u00e7as da gengiva tamb\u00e9m&hellip;<\/p>\n                                                                                                                                <\/div><!-- .elementskit-post-footer END -->\n                                                                    <\/div><!-- .elementskit-post-body END -->\n                            <\/div>\n                        <\/div>\n                    <\/div><!-- .elementskit-blog-block-post .radius .gradient-bg END -->\n                \n            <\/div>\n                    <div class=\"col-md-12\">\n\n                                    <div class=\"elementskit-blog-block-post\">\n                        <div class=\"row no-gutters\">\n                                                            <div class=\"col-md-6 order-1\">\n                                    <a href=\"http:\/\/bioralodontologia.com.br\/home\/mitos-e-verdades-sobre-o-dente-do-siso\/\" class=\"elementskit-entry-thumb\">\n                                        <img decoding=\"async\" src=\"http:\/\/bioralodontologia.com.br\/home\/wp-content\/uploads\/2014\/05\/siso.jpg\" alt=\"Mitos e verdades sobre o dente do siso\">\n                                    <\/a><!-- .elementskit-entry-thumb END -->\n                                <\/div>\n                            \n                            <div class=\"col-md-6 order-2\">\n                                <div class=\"elementskit-post-body \">\n                                    <div class=\"elementskit-entry-header\">\n                                        \n                                                                                            \t\t\t\t\t\t\t\t\t\t\t<div class=\"post-meta-list\">\n\t\t\t\t\t\t\t\t\t\t\t\t\t<\/div>\n\t\t\t\t\t                                            \n                                            \n                                                                                            \t\t\t\t<h2 class=\"entry-title\">\n\t\t\t\t\t<a href=\"http:\/\/bioralodontologia.com.br\/home\/mitos-e-verdades-sobre-o-dente-do-siso\/\">\n\t\t\t\t\t\tMitos e verdades sobre o dente do siso\t\t\t\t\t<\/a>\n\t\t\t\t<\/h2>\n\t\t\t                                                                                <\/div><!-- .elementskit-entry-header END -->\n\n                                                                            <div class=\"elementskit-post-footer\">\n                                                                                            <p>Eles surgem por volta dos 16 aos 25 anos e ainda fazem muita gente perder o sono. Por isso, o EXTRA convidou dois especialistas para esclarecer as d\u00favidas mais frequentes nos consult\u00f3rios sobre os dentes sisos &#8211; ou terceiros molares. Qual a melhor idade para extra\u00e7\u00e3o? Por que&hellip;<\/p>\n                                                                                                                                <\/div><!-- .elementskit-post-footer END -->\n                                                                    <\/div><!-- .elementskit-post-body END -->\n                            <\/div>\n                        <\/div>\n                    <\/div><!-- .elementskit-blog-block-post .radius .gradient-bg END -->\n                \n            <\/div>\n                    <div class=\"col-md-12\">\n\n                                    <div class=\"elementskit-blog-block-post\">\n                        <div class=\"row no-gutters\">\n                                                            <div class=\"col-md-6 order-1\">\n                                    <a href=\"http:\/\/bioralodontologia.com.br\/home\/como-prevenir-a-carie\/\" class=\"elementskit-entry-thumb\">\n                                        <img decoding=\"async\" src=\"http:\/\/bioralodontologia.com.br\/home\/wp-content\/uploads\/2014\/05\/como-prevenir-a-carie.jpg\" alt=\"Como prevenir a c\u00e1rie?\">\n                                    <\/a><!-- .elementskit-entry-thumb END -->\n                                <\/div>\n                            \n                            <div class=\"col-md-6 order-2\">\n                                <div class=\"elementskit-post-body \">\n                                    <div class=\"elementskit-entry-header\">\n                                        \n                                                                                            \t\t\t\t\t\t\t\t\t\t\t<div class=\"post-meta-list\">\n\t\t\t\t\t\t\t\t\t\t\t\t\t<\/div>\n\t\t\t\t\t                                            \n                                            \n                                                                                            \t\t\t\t<h2 class=\"entry-title\">\n\t\t\t\t\t<a href=\"http:\/\/bioralodontologia.com.br\/home\/como-prevenir-a-carie\/\">\n\t\t\t\t\t\tComo prevenir a c\u00e1rie?\t\t\t\t\t<\/a>\n\t\t\t\t<\/h2>\n\t\t\t                                                                                <\/div><!-- .elementskit-entry-header END -->\n\n                                                                            <div class=\"elementskit-post-footer\">\n                                                                                            <p>A c\u00e1rie \u00e9 uma doen\u00e7a transmiss\u00edvel e infecciosa. Ela acontece quando h\u00e1 a associa\u00e7\u00e3o entre alimenta\u00e7\u00e3o inadequada e higiene bucal deficiente. A placa bacteriana \u00e9 uma massa pegajosa esbranqui\u00e7ada que fica grudada nas paredes dos dentes. Ela forma a c\u00e1rie quando bact\u00e9rias capazes de causar esta doen\u00e7a est\u00e3o&hellip;<\/p>\n                                                                                                                                <\/div><!-- .elementskit-post-footer END -->\n                                                                    <\/div><!-- .elementskit-post-body END -->\n                            <\/div>\n                        <\/div>\n                    <\/div><!-- .elementskit-blog-block-post .radius .gradient-bg END -->\n                \n            <\/div>\n                    <div class=\"col-md-12\">\n\n                                    <div class=\"elementskit-blog-block-post\">\n                        <div class=\"row no-gutters\">\n                                                            <div class=\"col-md-6 order-1\">\n                                    <a href=\"http:\/\/bioralodontologia.com.br\/home\/nove-dicas-para-quem-tem-dentes-sensiveis\/\" class=\"elementskit-entry-thumb\">\n                                        <img decoding=\"async\" src=\"http:\/\/bioralodontologia.com.br\/home\/wp-content\/uploads\/2014\/05\/sensivel.jpg\" alt=\"Nove dicas para quem tem dentes sens\u00edveis\">\n                                    <\/a><!-- .elementskit-entry-thumb END -->\n                                <\/div>\n                            \n                            <div class=\"col-md-6 order-2\">\n                                <div class=\"elementskit-post-body \">\n                                    <div class=\"elementskit-entry-header\">\n                                        \n                                                                                            \t\t\t\t\t\t\t\t\t\t\t<div class=\"post-meta-list\">\n\t\t\t\t\t\t\t\t\t\t\t\t\t<\/div>\n\t\t\t\t\t                                            \n                                            \n                                                                                            \t\t\t\t<h2 class=\"entry-title\">\n\t\t\t\t\t<a href=\"http:\/\/bioralodontologia.com.br\/home\/nove-dicas-para-quem-tem-dentes-sensiveis\/\">\n\t\t\t\t\t\tNove dicas para quem tem dentes sens\u00edveis\t\t\t\t\t<\/a>\n\t\t\t\t<\/h2>\n\t\t\t                                                                                <\/div><!-- .elementskit-entry-header END -->\n\n                                                                            <div class=\"elementskit-post-footer\">\n                                                                                            <p>Tem gente capaz de mover um autom\u00f3vel apenas puxando uma corda com os dentes. Outras, em compensa\u00e7\u00e3o, sentem dor ao tomar um simples caf\u00e9 passado na hora ou provar um sorvete. S\u00e3o pessoas que t\u00eam dentes sens\u00edveis e acabam convivendo com a dor e suas limita\u00e7\u00f5es por n\u00e3o&hellip;<\/p>\n                                                                                                                                <\/div><!-- .elementskit-post-footer END -->\n                                                                    <\/div><!-- .elementskit-post-body END -->\n                            <\/div>\n                        <\/div>\n                    <\/div><!-- .elementskit-blog-block-post .radius .gradient-bg END -->\n                \n            <\/div>\n                    <div class=\"col-md-12\">\n\n                                    <div class=\"elementskit-blog-block-post\">\n                        <div class=\"row no-gutters\">\n                                                            <div class=\"col-md-6 order-1\">\n                                    <a href=\"http:\/\/bioralodontologia.com.br\/home\/saude-bucal-na-correria-do-dia-a-dia\/\" class=\"elementskit-entry-thumb\">\n                                        <img decoding=\"async\" src=\"http:\/\/bioralodontologia.com.br\/home\/wp-content\/uploads\/2014\/05\/alimento.jpg\" alt=\"Sa\u00fade bucal na correria do dia a dia\">\n                                    <\/a><!-- .elementskit-entry-thumb END -->\n                                <\/div>\n                            \n                            <div class=\"col-md-6 order-2\">\n                                <div class=\"elementskit-post-body \">\n                                    <div class=\"elementskit-entry-header\">\n                                        \n                                                                                            \t\t\t\t\t\t\t\t\t\t\t<div class=\"post-meta-list\">\n\t\t\t\t\t\t\t\t\t\t\t\t\t<\/div>\n\t\t\t\t\t                                            \n                                            \n                                                                                            \t\t\t\t<h2 class=\"entry-title\">\n\t\t\t\t\t<a href=\"http:\/\/bioralodontologia.com.br\/home\/saude-bucal-na-correria-do-dia-a-dia\/\">\n\t\t\t\t\t\tSa\u00fade bucal na correria do dia a dia\t\t\t\t\t<\/a>\n\t\t\t\t<\/h2>\n\t\t\t                                                                                <\/div><!-- .elementskit-entry-header END -->\n\n                                                                            <div class=\"elementskit-post-footer\">\n                                                                                            <p>A realidade pode n\u00e3o permitir que a boca seja cuidada como deveria. Na hora do almo\u00e7o, quase n\u00e3o d\u00e1 tempo de escovar os dentes, quanto mais passar fio dental, limpador de l\u00edngua, enxaguante. \u00c9 importante deixar claro que este seria o cen\u00e1rio ideal para manter a sa\u00fade bucal&hellip;<\/p>\n                                                                                                                                <\/div><!-- .elementskit-post-footer END -->\n                                                                    <\/div><!-- .elementskit-post-body END -->\n                            <\/div>\n                        <\/div>\n                    <\/div><!-- .elementskit-blog-block-post .radius .gradient-bg END -->\n                \n            <\/div>\n                    <div class=\"col-md-12\">\n\n                                    <div class=\"elementskit-blog-block-post\">\n                        <div class=\"row no-gutters\">\n                                                            <div class=\"col-md-6 order-1\">\n                                    <a href=\"http:\/\/bioralodontologia.com.br\/home\/como-manter-a-saude-bucal-filhos\/\" class=\"elementskit-entry-thumb\">\n                                        <img decoding=\"async\" src=\"http:\/\/bioralodontologia.com.br\/home\/wp-content\/uploads\/2013\/01\/bebe-nenem-mae-bagarai1.jpg\" alt=\"Como manter a sa\u00fade bucal de seus filhos\">\n                                    <\/a><!-- .elementskit-entry-thumb END -->\n                                <\/div>\n                            \n                            <div class=\"col-md-6 order-2\">\n                                <div class=\"elementskit-post-body \">\n                                    <div class=\"elementskit-entry-header\">\n                                        \n                                                                                            \t\t\t\t\t\t\t\t\t\t\t<div class=\"post-meta-list\">\n\t\t\t\t\t\t\t\t\t\t\t\t\t<\/div>\n\t\t\t\t\t                                            \n                                            \n                                                                                            \t\t\t\t<h2 class=\"entry-title\">\n\t\t\t\t\t<a href=\"http:\/\/bioralodontologia.com.br\/home\/como-manter-a-saude-bucal-filhos\/\">\n\t\t\t\t\t\tComo manter a sa\u00fade bucal de seus filhos\t\t\t\t\t<\/a>\n\t\t\t\t<\/h2>\n\t\t\t                                                                                <\/div><!-- .elementskit-entry-header END -->\n\n                                                                            <div class=\"elementskit-post-footer\">\n                                                                                            <p>As f\u00e9rias est\u00e3o chegando e sabemos muito bem o que vem com elas \u2013 muito sorriso em toda parte, mas tamb\u00e9m muita bala, sorvete&#8230; enfim, muito doce. A\u00a0c\u00e1rie\u00a0\u00e9 a doen\u00e7a cr\u00f4nica infantil mais comum e por isso \u00e9 muito importante ensinar \u00e0s\u00a0crian\u00e7as\u00a0desde cedo a manter uma boa\u00a0sa\u00fade bucal,&hellip;<\/p>\n                                                                                                                                <\/div><!-- .elementskit-post-footer END -->\n                                                                    <\/div><!-- .elementskit-post-body END -->\n                            <\/div>\n                        <\/div>\n                    <\/div><!-- .elementskit-blog-block-post .radius .gradient-bg END -->\n                \n            <\/div>\n                <\/div>\n       <\/div>\t\t<\/div>\n\t\t\t\t<\/div>\n\t\t\t\t\t<\/div>\n\t\t<\/div>\n\t\t\t\t<div class=\"elementor-column elementor-col-50 elementor-top-column elementor-element elementor-element-14ae16a4\" data-id=\"14ae16a4\" data-element_type=\"column\">\n\t\t\t<div class=\"elementor-widget-wrap elementor-element-populated\">\n\t\t\t\t\t\t<section class=\"elementor-section elementor-inner-section elementor-element elementor-element-cab351a elementor-section-boxed elementor-section-height-default elementor-section-height-default\" data-id=\"cab351a\" data-element_type=\"section\" data-settings=\"{&quot;background_background&quot;:&quot;classic&quot;}\">\n\t\t\t\t\t\t<div class=\"elementor-container elementor-column-gap-default\">\n\t\t\t\t\t<div class=\"elementor-column elementor-col-100 elementor-inner-column elementor-element elementor-element-d9f0217\" data-id=\"d9f0217\" data-element_type=\"column\">\n\t\t\t<div class=\"elementor-widget-wrap elementor-element-populated\">\n\t\t\t\t\t\t<div class=\"elementor-element elementor-element-15506e0 elementor-vertical-align-top elementor-widget elementor-widget-image-box\" data-id=\"15506e0\" data-element_type=\"widget\" data-widget_type=\"image-box.default\">\n\t\t\t\t<div class=\"elementor-widget-container\">\n\t\t\t<div class=\"elementor-image-box-wrapper\"><div class=\"elementor-image-box-content\"><h3 class=\"elementor-image-box-title\">Gostou Desse Conte\u00fado?<\/h3><p class=\"elementor-image-box-description\">Agende uma Consulta <\/p><\/div><\/div>\t\t<\/div>\n\t\t\t\t<\/div>\n\t\t\t\t<div class=\"elementor-element elementor-element-8ca9fe8 elementor-widget elementor-widget-elementskit-heading\" data-id=\"8ca9fe8\" data-element_type=\"widget\" data-widget_type=\"elementskit-heading.default\">\n\t\t\t\t<div class=\"elementor-widget-container\">\n\t\t\t<div class=\"ekit-wid-con\" ><div class=\"ekit-heading elementskit-section-title-wraper text_center   ekit_heading_tablet-   ekit_heading_mobile-\"><div class=\"ekit_heading_separetor_wraper ekit_heading_elementskit-border-divider elementskit-style-long\"><div class=\"elementskit-border-divider elementskit-style-long\"><\/div><\/div><\/div><\/div>\t\t<\/div>\n\t\t\t\t<\/div>\n\t\t\t\t<div class=\"elementor-element elementor-element-5465779 elementor-align-center elementor-widget elementor-widget-button\" data-id=\"5465779\" data-element_type=\"widget\" data-widget_type=\"button.default\">\n\t\t\t\t<div class=\"elementor-widget-container\">\n\t\t\t\t\t<div class=\"elementor-button-wrapper\">\n\t\t\t<a class=\"elementor-button elementor-button-link elementor-size-sm elementor-animation-shrink\" href=\"#\">\n\t\t\t\t\t\t<span class=\"elementor-button-content-wrapper\">\n\t\t\t\t\t\t<span class=\"elementor-button-text\">WHATSAPP<\/span>\n\t\t<\/span>\n\t\t\t\t\t<\/a>\n\t\t<\/div>\n\t\t\t\t<\/div>\n\t\t\t\t<\/div>\n\t\t\t\t<div class=\"elementor-element elementor-element-2f78ede elementor-widget elementor-widget-image\" data-id=\"2f78ede\" data-element_type=\"widget\" data-widget_type=\"image.default\">\n\t\t\t\t<div class=\"elementor-widget-container\">\n\t\t\t<style>\/*! elementor - v3.20.0 - 13-03-2024 *\/\n.elementor-widget-image{text-align:center}.elementor-widget-image a{display:inline-block}.elementor-widget-image a img[src$=\".svg\"]{width:48px}.elementor-widget-image img{vertical-align:middle;display:inline-block}<\/style>\t\t\t\t\t\t\t\t\t\t<img fetchpriority=\"high\" decoding=\"async\" width=\"800\" height=\"533\" src=\"http:\/\/bioralodontologia.com.br\/home\/wp-content\/uploads\/2024\/03\/smilepng05-1024x682.png\" class=\"attachment-large size-large wp-image-162\" alt=\"\" srcset=\"http:\/\/bioralodontologia.com.br\/home\/wp-content\/uploads\/2024\/03\/smilepng05-1024x682.png 1024w, http:\/\/bioralodontologia.com.br\/home\/wp-content\/uploads\/2024\/03\/smilepng05-300x200.png 300w, http:\/\/bioralodontologia.com.br\/home\/wp-content\/uploads\/2024\/03\/smilepng05-768x512.png 768w, http:\/\/bioralodontologia.com.br\/home\/wp-content\/uploads\/2024\/03\/smilepng05.png 1100w\" sizes=\"(max-width: 800px) 100vw, 800px\" \/>\t\t\t\t\t\t\t\t\t\t\t\t\t<\/div>\n\t\t\t\t<\/div>\n\t\t\t\t\t<\/div>\n\t\t<\/div>\n\t\t\t\t\t<\/div>\n\t\t<\/section>\n\t\t\t\t\t<\/div>\n\t\t<\/div>\n\t\t\t\t\t<\/div>\n\t\t<\/section>\n\t\t\t\t<\/div>\n\t\t","protected":false},"excerpt":{"rendered":"<p>Home &#8211; Blog Dicas &#038; Novidades Doen\u00e7as da gengiva Blog Bioral Dicas &#038; Novidades Doen\u00e7a da Gengiva O tratamento de gengiva \u00e9 o ramo da odontologia que promove a sa\u00fade periodontal, ou seja, os tecidos que\u00a0envolvem e protegem os dentes o especialista \u00e9 denominado periodontista. O que s\u00e3o as doen\u00e7as da gengiva? As doen\u00e7as da [&hellip;]<\/p>\n","protected":false},"author":1,"featured_media":0,"parent":0,"menu_order":0,"comment_status":"open","ping_status":"open","template":"elementor_header_footer","meta":{"footnotes":"","_joinchat":[]},"_links":{"self":[{"href":"http:\/\/bioralodontologia.com.br\/home\/wp-json\/wp\/v2\/pages\/11"}],"collection":[{"href":"http:\/\/bioralodontologia.com.br\/home\/wp-json\/wp\/v2\/pages"}],"about":[{"href":"http:\/\/bioralodontologia.com.br\/home\/wp-json\/wp\/v2\/types\/page"}],"author":[{"embeddable":true,"href":"http:\/\/bioralodontologia.com.br\/home\/wp-json\/wp\/v2\/users\/1"}],"replies":[{"embeddable":true,"href":"http:\/\/bioralodontologia.com.br\/home\/wp-json\/wp\/v2\/comments?post=11"}],"version-history":[{"count":11,"href":"http:\/\/bioralodontologia.com.br\/home\/wp-json\/wp\/v2\/pages\/11\/revisions"}],"predecessor-version":[{"id":413,"href":"http:\/\/bioralodontologia.com.br\/home\/wp-json\/wp\/v2\/pages\/11\/revisions\/413"}],"wp:attachment":[{"href":"http:\/\/bioralodontologia.com.br\/home\/wp-json\/wp\/v2\/media?parent=11"}],"curies":[{"name":"wp","href":"https:\/\/api.w.org\/{rel}","templated":true}]}}